{"id":31,"date":"2020-05-29T14:41:16","date_gmt":"2020-05-29T12:41:16","guid":{"rendered":"http:\/\/pierreducommerce.fr\/?page_id=31"},"modified":"2022-06-28T17:45:18","modified_gmt":"2022-06-28T15:45:18","slug":"pates","status":"publish","type":"page","link":"https:\/\/pierreducommerce.fr\/?page_id=31","title":{"rendered":"NOS PATES et &#8220;petit snacking&#8221;"},"content":{"rendered":"\n<p><strong><u>NOS P\u00c2TES:<\/u><\/strong>      <strong>8,80 \u20ac<\/strong>&nbsp;<\/p>\n\n\n\n<p>Tagliatelle&nbsp;&nbsp;&nbsp;&nbsp;&nbsp;&nbsp;&nbsp;&nbsp;&nbsp;&nbsp;&nbsp;&nbsp;&nbsp;&nbsp;&nbsp;&nbsp;&nbsp;&nbsp;&nbsp;&nbsp;&nbsp;&nbsp;&nbsp;&nbsp;&nbsp;&nbsp;<\/p>\n\n\n\n<p>Spaghetti&nbsp;&nbsp;&nbsp;&nbsp;&nbsp;&nbsp;&nbsp;&nbsp;&nbsp;&nbsp; <\/p>\n\n\n\n<p>Gnocchi&nbsp;&nbsp;&nbsp;&nbsp;&nbsp;&nbsp;&nbsp;&nbsp;&nbsp;&nbsp;&nbsp;&nbsp;&nbsp;&nbsp;&nbsp;&nbsp;&nbsp;&nbsp;&nbsp;&nbsp;&nbsp;&nbsp;&nbsp;&nbsp;&nbsp;&nbsp;&nbsp;&nbsp;&nbsp;&nbsp;&nbsp;&nbsp;&nbsp;&nbsp;&nbsp;&nbsp;&nbsp;&nbsp;&nbsp;&nbsp;&nbsp;&nbsp;&nbsp;&nbsp;&nbsp;&nbsp;&nbsp;&nbsp;&nbsp;&nbsp;&nbsp;&nbsp;&nbsp;&nbsp;&nbsp;&nbsp;&nbsp;&nbsp;&nbsp;&nbsp;&nbsp;&nbsp;<\/p>\n\n\n\n<p>Penne&nbsp;&nbsp;<\/p>\n\n\n\n<p><strong>Riz<\/strong><\/p>\n\n\n\n<p>Raviolis&nbsp; \u00e0 la ricotta et \u00e9pinards<strong><em> ou <\/em><\/strong>Tortellinis&nbsp; \u00e0 la viande <strong><em>ou<\/em><\/strong><\/p>\n\n\n\n<p>Fagottinis au jambon cru <strong><em>ou<\/em><\/strong> Raviolis au saumon&nbsp;&nbsp;&nbsp;<strong>10,00 \u20ac<\/strong>&nbsp;&nbsp;<\/p>\n\n\n\n<p><strong><u>Les sauces au choix: <\/u><\/strong>&nbsp;&nbsp;&nbsp;&nbsp;&nbsp;&nbsp;&nbsp;&nbsp;&nbsp;&nbsp;&nbsp;&nbsp;&nbsp;&nbsp;&nbsp;&nbsp;&nbsp;&nbsp;&nbsp;&nbsp;&nbsp;&nbsp;&nbsp;&nbsp;&nbsp;&nbsp;&nbsp;&nbsp;&nbsp;&nbsp;&nbsp;&nbsp;&nbsp;&nbsp;&nbsp;&nbsp;&nbsp;&nbsp;&nbsp;<\/p>\n\n\n\n<p>Bolognaise, gorgonzola, arrabiatta,Pistou, tomate-basilic<strong>&nbsp;&nbsp;<\/strong><\/p>\n\n\n\n<p><strong><u>NOS GRATIN\u00c9ES:<\/u><\/strong><strong>&nbsp;&nbsp;11,00 \u20ac<\/strong>&nbsp;&nbsp;&nbsp;&nbsp;&nbsp;&nbsp;&nbsp; &nbsp;&nbsp;&nbsp;&nbsp;&nbsp;&nbsp;&nbsp;&nbsp;&nbsp;&nbsp;&nbsp;&nbsp;&nbsp;&nbsp;&nbsp;&nbsp;&nbsp;&nbsp;&nbsp;&nbsp;&nbsp;&nbsp;&nbsp;&nbsp;&nbsp;&nbsp;&nbsp;&nbsp;&nbsp;<\/p>\n\n\n\n<p><strong>Lasagnes bolognaises&nbsp;&nbsp;&nbsp;&nbsp;&nbsp;&nbsp;&nbsp;<\/strong><\/p>\n\n\n\n<p><strong>Lasagnes aux l\u00e9gumes<\/strong>&nbsp;&nbsp;&nbsp;&nbsp;&nbsp;&nbsp;&nbsp;&nbsp;&nbsp;&nbsp;&nbsp;&nbsp;&nbsp; &nbsp;&nbsp;&nbsp;&nbsp;&nbsp;&nbsp;&nbsp;&nbsp;&nbsp;&nbsp;&nbsp;&nbsp;&nbsp;&nbsp;&nbsp;<\/p>\n\n\n\n<p><strong>Lasagnes au saumon fum\u00e9 et \u00e9pinards \u00e0 la cr\u00e8me<\/strong>\u00a0\u00a0<\/p>\n\n\n\n<p><strong>Tartiflette with salad\u00a0\u00a0 \u00a0\u00a0<\/strong><\/p>\n\n\n\n<p>&nbsp;&nbsp;&nbsp;&nbsp;&nbsp;&nbsp;&nbsp;&nbsp;&nbsp; &nbsp;&nbsp;&nbsp;&nbsp;&nbsp;&nbsp;&nbsp;&nbsp;&nbsp;&nbsp;&nbsp;&nbsp;&nbsp;&nbsp;&nbsp;&nbsp;&nbsp;&nbsp;&nbsp;<\/p>\n\n\n\n<p><strong><u>ET AUSSI:<\/u> &nbsp;&nbsp;&nbsp;PETIT SNACKING<\/strong><\/p>\n\n\n\n<p><strong>TERRINE D&#8217;ANNOT &#8220;APERO&#8221;                        10.00 \u20ac<\/strong><\/p>\n\n\n\n<p><strong>SAUCISSON &#8220;APERO&#8221;                                      10.00 \u20ac&nbsp;<\/strong><\/p>\n\n\n\n<p><strong>Sandwich:<\/strong>&nbsp; jambon <strong><em>ou<\/em><\/strong> saucisson <strong><em>ou<\/em><\/strong> camembert <strong><em>ou<\/em><\/strong> emmental<strong>&nbsp;3,60 \u20ac<\/strong> <\/p>\n\n\n\n<p><strong>Sandwich: <\/strong>jambon cru<strong> 4,50 \u20ac<\/strong><\/p>\n\n\n\n<p><strong>Sandwich mixte: 5,00 \u20ac<\/strong><\/p>\n\n\n\n<p><strong>+<\/strong>jambon-camembert <strong><em>ou<\/em><\/strong>&nbsp; saucisson-camembert&nbsp;&nbsp;&nbsp;&nbsp;&nbsp;&nbsp;&nbsp;&nbsp; &nbsp;&nbsp;&nbsp;&nbsp;&nbsp;&nbsp;&nbsp;&nbsp;&nbsp;&nbsp;&nbsp;&nbsp;&nbsp;&nbsp;&nbsp;&nbsp;&nbsp;&nbsp;&nbsp;&nbsp;&nbsp;&nbsp;&nbsp;&nbsp;&nbsp;&nbsp;&nbsp;&nbsp; &nbsp;&nbsp;&nbsp;&nbsp;&nbsp;&nbsp;&nbsp;&nbsp;&nbsp;&nbsp;&nbsp;&nbsp;<\/p>\n\n\n\n<p><strong><em>ou<\/em><\/strong> jambon-saucisson <strong><em>ou<\/em><\/strong> jambon-emmental&nbsp;<\/p>\n\n\n\n<p><strong>+<\/strong>jambon cru-ch\u00e8vre <strong><em>ou<\/em><\/strong> jambon cru-camembert<\/p>\n\n\n\n<p>Jambon cru-emmental       <strong>5,00\u20ac <\/strong>  <\/p>\n\n\n\n<p>Croque-monsieur :&nbsp;<strong>4,50 \u20ac<\/strong><\/p>\n\n\n\n<p><strong>Assiette classique de fromages<\/strong>:&nbsp;<strong>4,20 \u20ac<\/strong><\/p>\n\n\n\n<p>camembert, ch\u00e8vre, gorgonzola<\/p>\n\n\n\n<p><strong>CARTE BLEUE A PARTIR DE 12,00 \u20ac&nbsp;&nbsp; PAS DE TICKETS RESTAURANT&nbsp;&nbsp; PAS DE CHEQUES VACANCES<\/strong><\/p>\n","protected":false},"excerpt":{"rendered":"<p>NOS P\u00c2TES: 8,80 \u20ac&nbsp; Tagliatelle&nbsp;&nbsp;&nbsp;&nbsp;&nbsp;&nbsp;&nbsp;&nbsp;&nbsp;&nbsp;&nbsp;&nbsp;&nbsp;&nbsp;&nbsp;&nbsp;&nbsp;&nbsp;&nbsp;&nbsp;&nbsp;&nbsp;&nbsp;&nbsp;&nbsp;&nbsp; Spaghetti&nbsp;&nbsp;&nbsp;&nbsp;&nbsp;&nbsp;&nbsp;&nbsp;&nbsp;&nbsp; Gnocchi&nbsp;&nbsp;&nbsp;&nbsp;&nbsp;&nbsp;&nbsp;&nbsp;&nbsp;&nbsp;&nbsp;&nbsp;&nbsp;&nbsp;&nbsp;&nbsp;&nbsp;&nbsp;&nbsp;&nbsp;&nbsp;&nbsp;&nbsp;&nbsp;&nbsp;&nbsp;&nbsp;&nbsp;&nbsp;&nbsp;&nbsp;&nbsp;&nbsp;&nbsp;&nbsp;&nbsp;&nbsp;&nbsp;&nbsp;&nbsp;&nbsp;&nbsp;&nbsp;&nbsp;&nbsp;&nbsp;&nbsp;&nbsp;&nbsp;&nbsp;&nbsp;&nbsp;&nbsp;&nbsp;&nbsp;&nbsp;&nbsp;&nbsp;&nbsp;&nbsp;&nbsp;&nbsp; Penne&nbsp;&nbsp; Riz Raviolis&nbsp; \u00e0 la ricotta et \u00e9pinards ou Tortellinis&nbsp; \u00e0 la viande ou Fagottinis au jambon cru ou Raviolis au saumon&nbsp;&nbsp;&nbsp;10,00 \u20ac&nbsp;&nbsp; Les sauces au choix: &nbsp;&nbsp;&nbsp;&nbsp;&nbsp;&nbsp;&nbsp;&nbsp;&nbsp;&nbsp;&nbsp;&nbsp;&nbsp;&nbsp;&nbsp;&nbsp;&nbsp;&nbsp;&nbsp;&nbsp;&nbsp;&nbsp;&nbsp;&nbsp;&nbsp;&nbsp;&nbsp;&nbsp;&nbsp;&nbsp;&nbsp;&nbsp;&nbsp;&nbsp;&nbsp;&nbsp;&nbsp;&nbsp;&nbsp; Bolognaise, gorgonzola, arrabiatta,Pistou, tomate-basilic&nbsp;&nbsp; NOS GRATIN\u00c9ES:&nbsp;&nbsp;11,00 \u20ac&nbsp;&nbsp;&nbsp;&nbsp;&nbsp;&nbsp;&nbsp; &nbsp;&nbsp;&nbsp;&nbsp;&nbsp;&nbsp;&nbsp;&nbsp;&nbsp;&nbsp;&nbsp;&nbsp;&nbsp;&nbsp;&nbsp;&nbsp;&nbsp;&nbsp;&nbsp;&nbsp;&nbsp;&nbsp;&nbsp;&nbsp;&nbsp;&nbsp;&nbsp;&nbsp;&nbsp; Lasagnes bolognaises&nbsp;&nbsp;&nbsp;&nbsp;&nbsp;&nbsp;&nbsp; &hellip; <\/p>\n","protected":false},"author":1,"featured_media":0,"parent":0,"menu_order":0,"comment_status":"closed","ping_status":"closed","template":"","meta":{"footnotes":""},"class_list":["post-31","page","type-page","status-publish","hentry"],"_links":{"self":[{"href":"https:\/\/pierreducommerce.fr\/index.php?rest_route=\/wp\/v2\/pages\/31","targetHints":{"allow":["GET"]}}],"collection":[{"href":"https:\/\/pierreducommerce.fr\/index.php?rest_route=\/wp\/v2\/pages"}],"about":[{"href":"https:\/\/pierreducommerce.fr\/index.php?rest_route=\/wp\/v2\/types\/page"}],"author":[{"embeddable":true,"href":"https:\/\/pierreducommerce.fr\/index.php?rest_route=\/wp\/v2\/users\/1"}],"replies":[{"embeddable":true,"href":"https:\/\/pierreducommerce.fr\/index.php?rest_route=%2Fwp%2Fv2%2Fcomments&post=31"}],"version-history":[{"count":23,"href":"https:\/\/pierreducommerce.fr\/index.php?rest_route=\/wp\/v2\/pages\/31\/revisions"}],"predecessor-version":[{"id":442,"href":"https:\/\/pierreducommerce.fr\/index.php?rest_route=\/wp\/v2\/pages\/31\/revisions\/442"}],"wp:attachment":[{"href":"https:\/\/pierreducommerce.fr\/index.php?rest_route=%2Fwp%2Fv2%2Fmedia&parent=31"}],"curies":[{"name":"wp","href":"https:\/\/api.w.org\/{rel}","templated":true}]}}