{"id":152,"date":"2020-06-30T17:12:41","date_gmt":"2020-06-30T15:12:41","guid":{"rendered":"http:\/\/pierreducommerce.fr\/?page_id=152"},"modified":"2022-06-28T16:09:27","modified_gmt":"2022-06-28T14:09:27","slug":"classic-cup-of-icecream","status":"publish","type":"page","link":"https:\/\/pierreducommerce.fr\/?page_id=152","title":{"rendered":"CLASSIC CUP OF  ICECREAM"},"content":{"rendered":"\n<p><img loading=\"lazy\" decoding=\"async\" width=\"691\" height=\"8\" src=\"\"><br><strong><u>NOS COUPES CLASSIQUES<\/u><\/strong><strong>:&nbsp;9.00 \u20ac<\/strong><\/p>\n\n\n\n<p><strong>Banana&nbsp; split: <\/strong>banana and chocolate ice-cream,banana fruit, whipped cream, chocolate sauce<\/p>\n\n\n\n<p><strong>Poire Belle\u2013H\u00e9l\u00e8ne<\/strong>:vanilla and chocolate ice-cream, pear fruit, chocolate sauce, whipped cream<\/p>\n\n\n\n<p><strong>P\u00e8che Melba: <\/strong>vanilla ice-cream, peach fruit, red fruit sauce, whipped cream<\/p>\n\n\n\n<p><strong>Abricot Melba<\/strong>: vanilla and apricot ice-cream, red fruit sauce, apricot fruit, whipped cream<\/p>\n\n\n\n<p><strong>Caf\u00e9 ou Chocolat li\u00e9geois: <\/strong>&nbsp;coffee or chocolate ice-cream, vanilla ice-creeam, coffee or chocolate sauce, whipped cream<\/p>\n\n\n\n<p><strong>Dame blanche<\/strong>: vanilla ice-cream, meringue, chocolate sauce, whipped cream<\/p>\n\n\n\n<p><strong>Dame noire<\/strong>: chocolate ice-cream, meringue, vanilla cream, whipped cream<\/p>\n\n\n\n<p><strong>Coupe vacherin:<\/strong> vanilla and strawberry ice-cream, red fruit sauce, whipped cream, meringue<\/p>\n\n\n\n<p><strong>Profiteroles: <\/strong>puff-pastry with vanilla ice-cream, chocolate, whipped cream<\/p>\n\n\n\n<p><em>OUR CHOCOLATE SAUCE IS HOME MADE<\/em><\/p>\n\n\n\n<p><strong><u>NOS COUPES COLOR<\/u><\/strong><strong><u>\u00c9E<\/u><\/strong><strong><u>S:<\/u><\/strong><\/p>\n\n\n\n<p><strong>Coupe 1 scoop&nbsp;&nbsp;&nbsp;&nbsp;&nbsp;2.50 \u20ac<\/strong><\/p>\n\n\n\n<p><strong>Coupe 2 scoops&nbsp;&nbsp;&nbsp;3.90 \u20ac<\/strong><\/p>\n\n\n\n<p><strong>Coupe 3 scoops&nbsp;&nbsp;&nbsp;&nbsp;&nbsp;4.80 \u20ac<\/strong><\/p>\n\n\n\n<p><strong>Coupe 4 scoops&nbsp;&nbsp;&nbsp;&nbsp;&nbsp;6.00 \u20ac<\/strong><\/p>\n\n\n\n<p><strong>Coupe 1 scoop<\/strong><\/p>\n\n\n\n<p><strong>with whipped cream&nbsp; &nbsp;&nbsp;&nbsp; 3,30 \u20ac<\/strong><\/p>\n\n\n\n<p><strong>with whipped cream &nbsp;&nbsp;&nbsp;&nbsp;&nbsp;2.50 \u20ac<\/strong><\/p>\n\n\n\n<p><strong>Bowl of whipped cream&nbsp;&nbsp;&nbsp;&nbsp;6.00\u20ac&nbsp;&nbsp;&nbsp;&nbsp;&nbsp;&nbsp;&nbsp;&nbsp;&nbsp;&nbsp;&nbsp;&nbsp;&nbsp;&nbsp;&nbsp;&nbsp;&nbsp;&nbsp;&nbsp;&nbsp;&nbsp;&nbsp;&nbsp;&nbsp;&nbsp;&nbsp;&nbsp;&nbsp;&nbsp;&nbsp;&nbsp;&nbsp;&nbsp;&nbsp;&nbsp;&nbsp;&nbsp;&nbsp;&nbsp;&nbsp;&nbsp;&nbsp;&nbsp;&nbsp;&nbsp;&nbsp;&nbsp;&nbsp;&nbsp;&nbsp;&nbsp;&nbsp;&nbsp;&nbsp;&nbsp;&nbsp;&nbsp;&nbsp;&nbsp;&nbsp;&nbsp;&nbsp;&nbsp;&nbsp;&nbsp;&nbsp;&nbsp;&nbsp;&nbsp;&nbsp;&nbsp;&nbsp;&nbsp;&nbsp;&nbsp;&nbsp;&nbsp;&nbsp;&nbsp;&nbsp;&nbsp;&nbsp;&nbsp;&nbsp;&nbsp;&nbsp;&nbsp;&nbsp;&nbsp; &nbsp;&nbsp;&nbsp;&nbsp;&nbsp;&nbsp;&nbsp;&nbsp;&nbsp;<\/strong><\/p>\n\n\n\n<p><strong><u>WAFFLES:<\/u><\/strong><\/p>\n\n\n\n<p><\/p>\n\n\n\n<p><strong>Waffle with sugar&nbsp;&nbsp;&nbsp;&nbsp;3.20 \u20ac<\/strong><\/p>\n\n\n\n<p><strong>Waffle with honey&nbsp;&nbsp;&nbsp;&nbsp; 3.70 \u20ac<\/strong><\/p>\n\n\n\n<p><strong>Waffle with caramel sauce 3,70 \u20ac<\/strong><\/p>\n\n\n\n<p><strong>Waffle with sweetened chestnut puree&nbsp;&nbsp;&nbsp;5,00 \u20ac<\/strong><\/p>\n\n\n\n<p><strong>Waffle with nutella 5.00 \u20ac<\/strong><\/p>\n\n\n\n<p><strong>Waffle with 2 scoops\u00a0\u00a0\u00a0 6.50 \u20ac<\/strong><\/p>\n\n\n\n<p><strong>Waffle with 2 scoops and<\/strong><\/p>\n\n\n\n<p><strong>chocolate sauce \u00a0\u00a0\u00a0\u00a0 7.00 \u20ac<\/strong><\/p>\n\n\n\n<p><strong>with whipped cream&nbsp;&nbsp;&nbsp;&nbsp;&nbsp; 2.50 \u20ac<\/strong><\/p>\n\n\n\n<p><strong><u>AND OTHER DESSERTS&nbsp;:<\/u><\/strong><\/p>\n\n\n\n<p>Apple filled donut&nbsp;&nbsp;&nbsp;&nbsp; <strong>3.40 \u20ac<\/strong><\/p>\n\n\n\n<p>Apple tart (Tarte Tatin) <strong>4.50 \u20ac<\/strong><\/p>\n\n\n\n<p>Chocolate cake&nbsp;&nbsp;&nbsp;&nbsp;&nbsp;&nbsp; <strong>4.50 \u20ac<\/strong><\/p>\n\n\n\n<p>Cream cheese with red fruit sauce&nbsp;&nbsp;&nbsp;&nbsp;&nbsp;&nbsp;&nbsp;&nbsp;&nbsp;<strong>3.60 \u20ac<\/strong><\/p>\n\n\n\n<p>Cream cheese with honey&nbsp;&nbsp;&nbsp;&nbsp;&nbsp;&nbsp;&nbsp;<strong>3.60 \u20ac<\/strong><\/p>\n\n\n\n<p>Cream cheese with sweetened chestnut puree&nbsp;&nbsp;&nbsp;&nbsp;&nbsp; <strong>3.60 \u20ac<\/strong><\/p>\n\n\n\n<p><strong><u>Ice-cream flavors&nbsp;:<\/u><\/strong><\/p>\n\n\n\n<p><strong>ICE-CREAM: Vanilla, caramel with sea salt (fleur de sel), coffee, chocolate, cinnamon, nougat, pistachio, coconutbanana, rhum-raisins, mint, coconut<\/strong><\/p>\n\n\n\n<p><strong>SORBET: apricot, lime, raspberry, strawberry, blackcurrant, mango, cherry<\/strong><\/p>\n","protected":false},"excerpt":{"rendered":"<p>NOS COUPES CLASSIQUES:&nbsp;9.00 \u20ac Banana&nbsp; split: banana and chocolate ice-cream,banana fruit, whipped cream, chocolate sauce Poire Belle\u2013H\u00e9l\u00e8ne:vanilla and chocolate ice-cream, pear fruit, chocolate sauce, whipped cream P\u00e8che Melba: vanilla ice-cream, peach fruit, red fruit sauce, whipped cream Abricot Melba: vanilla and apricot ice-cream, red fruit &hellip; <\/p>\n","protected":false},"author":1,"featured_media":0,"parent":0,"menu_order":0,"comment_status":"closed","ping_status":"closed","template":"","meta":{"footnotes":""},"class_list":["post-152","page","type-page","status-publish","hentry"],"_links":{"self":[{"href":"https:\/\/pierreducommerce.fr\/index.php?rest_route=\/wp\/v2\/pages\/152","targetHints":{"allow":["GET"]}}],"collection":[{"href":"https:\/\/pierreducommerce.fr\/index.php?rest_route=\/wp\/v2\/pages"}],"about":[{"href":"https:\/\/pierreducommerce.fr\/index.php?rest_route=\/wp\/v2\/types\/page"}],"author":[{"embeddable":true,"href":"https:\/\/pierreducommerce.fr\/index.php?rest_route=\/wp\/v2\/users\/1"}],"replies":[{"embeddable":true,"href":"https:\/\/pierreducommerce.fr\/index.php?rest_route=%2Fwp%2Fv2%2Fcomments&post=152"}],"version-history":[{"count":10,"href":"https:\/\/pierreducommerce.fr\/index.php?rest_route=\/wp\/v2\/pages\/152\/revisions"}],"predecessor-version":[{"id":405,"href":"https:\/\/pierreducommerce.fr\/index.php?rest_route=\/wp\/v2\/pages\/152\/revisions\/405"}],"wp:attachment":[{"href":"https:\/\/pierreducommerce.fr\/index.php?rest_route=%2Fwp%2Fv2%2Fmedia&parent=152"}],"curies":[{"name":"wp","href":"https:\/\/api.w.org\/{rel}","templated":true}]}}