{"id":118,"date":"2020-06-30T15:46:42","date_gmt":"2020-06-30T13:46:42","guid":{"rendered":"http:\/\/pierreducommerce.fr\/?page_id=118"},"modified":"2022-06-28T16:48:07","modified_gmt":"2022-06-28T14:48:07","slug":"salades-gourmandes","status":"publish","type":"page","link":"https:\/\/pierreducommerce.fr\/?page_id=118","title":{"rendered":"SALADES GOURMANDES"},"content":{"rendered":"\n<p><strong><u>LE SAUCISSON \u00abAPERO\u00bb :<\/u><\/strong><strong>&nbsp;&nbsp;&nbsp;10,00\u20ac<\/strong><\/p>\n\n\n\n<p><strong><u>NOS ASSIETTES GOURMANDES:<\/u>\u00a0\u00a0\u00a0\u00a0\u00a0\u00a0\u00a015,50\u20ac\u00a0\u00a0\u00a0<\/strong><\/p>\n\n\n\n<p><strong>Assiette de Secca<\/strong>: salade verte, tomate, Secca de boeuf (Maison Lovera-Entrevaux), fromage de brebis de Saint Andr\u00e9 les Alpes <\/p>\n\n\n\n<p><strong>Salade des vall\u00e9es : <\/strong>salade verte, tomate, Fromage de ch\u00e8vre de la ferme des Tilleuls \u00e0 Peipin&nbsp; Tomme de vache de Sauze, Tomme de vache d&#8217;Annot (les Gastres), tomme de brebis de Guillaumes, sanguins \u00e0 l\u2019huile,&nbsp;<\/p>\n\n\n\n<p><strong>Salade aquarium: <\/strong>salade verte, tomate, gambas, crevette, poulpe, thon, anchois<\/p>\n\n\n\n<p><strong>Marmite \u00abpique-nique\u00bb: <\/strong>salade verte, tomate, marmite de fromage de vache fondu, tranche de jambon cru, aiguillettes de poulet et de jambon, pomme de terre<\/p>\n\n\n\n<p><strong>Assiette gourmande: <\/strong>salade verte, tomate, bloc de foie gras de canard, pain rustique, confiture d\u2019oignons, pain d\u2019\u00e9pice,<\/p>\n\n\n\n<p><strong>Assiette d\u00e9couverte du pays: <\/strong>salade verte, tomate, tomme de vache d&#8217;Annot, tomme&nbsp; de vache de Sauze, sanguins, charcuterie d\u2019Annot: gourdin gaulois, caillette \u00e0 l\u2019ancienne, longe, saucisson, poitrine roul\u00e9e,&nbsp;&nbsp;<\/p>\n\n\n\n<p><strong>Salade Transalpine:<\/strong> salade verte, tomate, tartines de pain grill\u00e9es avec fromage de vache du pays et gorgonzola,  jambon cru, sanguins \u00e0 l&#8217;huile<\/p>\n\n\n\n<p><strong>Salade \u00abDi Bufala\u00bb:<\/strong> salade verte, tomate, mozzarella \u00abDi Bufala\u00bb, longe de porc (maison Rigault)<\/p>\n\n\n\n<p><strong>Salade \u00abFajita\u00bb: <\/strong>fajita farcie avec poulet, chorizo et tomate, salade verte, tacos, sauce mexicaine<\/p>\n\n\n\n<p><strong>La Planche: <\/strong>fromages fermiers de ch\u00e8vre et de brebis, perrugine , saucisson sec de boeuf,  noix de jambon fum\u00e9 d&#8217;Annot, saucisson &#8220;brindille&#8221;, (maison Rigault-Annot),  sanguins<\/p>\n\n\n\n<figure class=\"wp-block-gallery has-nested-images columns-default is-cropped wp-block-gallery-1 is-layout-flex wp-block-gallery-is-layout-flex\">\n<figure class=\"wp-block-image size-large\"><img loading=\"lazy\" decoding=\"async\" width=\"1024\" height=\"702\" data-id=\"55\" src=\"http:\/\/pierreducommerce.fr\/wp-content\/uploads\/2020\/05\/la-planche-1024x702.jpg\" alt=\"\" class=\"wp-image-55\" srcset=\"https:\/\/pierreducommerce.fr\/wp-content\/uploads\/2020\/05\/la-planche-1024x702.jpg 1024w, https:\/\/pierreducommerce.fr\/wp-content\/uploads\/2020\/05\/la-planche-300x206.jpg 300w, https:\/\/pierreducommerce.fr\/wp-content\/uploads\/2020\/05\/la-planche-768x526.jpg 768w, https:\/\/pierreducommerce.fr\/wp-content\/uploads\/2020\/05\/la-planche-1536x1052.jpg 1536w, https:\/\/pierreducommerce.fr\/wp-content\/uploads\/2020\/05\/la-planche-2048x1403.jpg 2048w, https:\/\/pierreducommerce.fr\/wp-content\/uploads\/2020\/05\/la-planche-230x158.jpg 230w\" sizes=\"auto, (max-width: 1024px) 100vw, 1024px\" \/><\/figure>\n\n\n\n<figure class=\"wp-block-image size-large\"><img loading=\"lazy\" decoding=\"async\" width=\"1024\" height=\"748\" data-id=\"122\" src=\"http:\/\/pierreducommerce.fr\/wp-content\/uploads\/2020\/06\/2-1024x748.jpg\" alt=\"\" class=\"wp-image-122\" srcset=\"https:\/\/pierreducommerce.fr\/wp-content\/uploads\/2020\/06\/2-1024x748.jpg 1024w, https:\/\/pierreducommerce.fr\/wp-content\/uploads\/2020\/06\/2-300x219.jpg 300w, https:\/\/pierreducommerce.fr\/wp-content\/uploads\/2020\/06\/2-768x561.jpg 768w, https:\/\/pierreducommerce.fr\/wp-content\/uploads\/2020\/06\/2-1536x1122.jpg 1536w, https:\/\/pierreducommerce.fr\/wp-content\/uploads\/2020\/06\/2-2048x1496.jpg 2048w\" sizes=\"auto, (max-width: 1024px) 100vw, 1024px\" \/><\/figure>\n<\/figure>\n\n\n\n<p><\/p>\n","protected":false},"excerpt":{"rendered":"<p>LE SAUCISSON \u00abAPERO\u00bb :&nbsp;&nbsp;&nbsp;10,00\u20ac NOS ASSIETTES GOURMANDES:\u00a0\u00a0\u00a0\u00a0\u00a0\u00a0\u00a015,50\u20ac\u00a0\u00a0\u00a0 Assiette de Secca: salade verte, tomate, Secca de boeuf (Maison Lovera-Entrevaux), fromage de brebis de Saint Andr\u00e9 les Alpes Salade des vall\u00e9es : salade verte, tomate, Fromage de ch\u00e8vre de la ferme des Tilleuls \u00e0 Peipin&nbsp; Tomme de &hellip; <\/p>\n","protected":false},"author":1,"featured_media":0,"parent":0,"menu_order":0,"comment_status":"closed","ping_status":"closed","template":"","meta":{"footnotes":""},"class_list":["post-118","page","type-page","status-publish","hentry"],"_links":{"self":[{"href":"https:\/\/pierreducommerce.fr\/index.php?rest_route=\/wp\/v2\/pages\/118","targetHints":{"allow":["GET"]}}],"collection":[{"href":"https:\/\/pierreducommerce.fr\/index.php?rest_route=\/wp\/v2\/pages"}],"about":[{"href":"https:\/\/pierreducommerce.fr\/index.php?rest_route=\/wp\/v2\/types\/page"}],"author":[{"embeddable":true,"href":"https:\/\/pierreducommerce.fr\/index.php?rest_route=\/wp\/v2\/users\/1"}],"replies":[{"embeddable":true,"href":"https:\/\/pierreducommerce.fr\/index.php?rest_route=%2Fwp%2Fv2%2Fcomments&post=118"}],"version-history":[{"count":11,"href":"https:\/\/pierreducommerce.fr\/index.php?rest_route=\/wp\/v2\/pages\/118\/revisions"}],"predecessor-version":[{"id":421,"href":"https:\/\/pierreducommerce.fr\/index.php?rest_route=\/wp\/v2\/pages\/118\/revisions\/421"}],"wp:attachment":[{"href":"https:\/\/pierreducommerce.fr\/index.php?rest_route=%2Fwp%2Fv2%2Fmedia&parent=118"}],"curies":[{"name":"wp","href":"https:\/\/api.w.org\/{rel}","templated":true}]}}